{"id":362,"date":"2026-04-16T14:43:19","date_gmt":"2026-04-16T14:43:19","guid":{"rendered":"https:\/\/first-at-home.fr\/?page_id=362"},"modified":"2026-04-21T09:16:09","modified_gmt":"2026-04-21T09:16:09","slug":"chauffeur-prive-mise-a-disposition","status":"publish","type":"page","link":"https:\/\/first-at-home.fr\/en\/chauffeur-prive-mise-a-disposition\/","title":{"rendered":"Chauffeur \u00e0 l&#8217;heure ou \u00e0 la journ\u00e9e Saint-Tropez | Van VIP"},"content":{"rendered":"","protected":false},"excerpt":{"rendered":"","protected":false},"author":1,"featured_media":0,"parent":0,"menu_order":0,"comment_status":"closed","ping_status":"closed","template":"","meta":{"footnotes":""},"class_list":["post-362","page","type-page","status-publish","hentry"],"_hostinger_reach_plugin_has_subscription_block":false,"_hostinger_reach_plugin_is_elementor":false,"_links":{"self":[{"href":"https:\/\/first-at-home.fr\/en\/wp-json\/wp\/v2\/pages\/362","targetHints":{"allow":["GET"]}}],"collection":[{"href":"https:\/\/first-at-home.fr\/en\/wp-json\/wp\/v2\/pages"}],"about":[{"href":"https:\/\/first-at-home.fr\/en\/wp-json\/wp\/v2\/types\/page"}],"author":[{"embeddable":true,"href":"https:\/\/first-at-home.fr\/en\/wp-json\/wp\/v2\/users\/1"}],"replies":[{"embeddable":true,"href":"https:\/\/first-at-home.fr\/en\/wp-json\/wp\/v2\/comments?post=362"}],"version-history":[{"count":22,"href":"https:\/\/first-at-home.fr\/en\/wp-json\/wp\/v2\/pages\/362\/revisions"}],"predecessor-version":[{"id":565,"href":"https:\/\/first-at-home.fr\/en\/wp-json\/wp\/v2\/pages\/362\/revisions\/565"}],"wp:attachment":[{"href":"https:\/\/first-at-home.fr\/en\/wp-json\/wp\/v2\/media?parent=362"}],"curies":[{"name":"wp","href":"https:\/\/api.w.org\/{rel}","templated":true}]}}